{"id":787,"date":"2022-11-09T19:08:21","date_gmt":"2022-11-09T18:08:21","guid":{"rendered":"https:\/\/trigger.agency\/clients\/attorneys\/aktuelles\/"},"modified":"2026-02-10T18:00:49","modified_gmt":"2026-02-10T17:00:49","slug":"aktuelles","status":"publish","type":"page","link":"https:\/\/attorneys.at\/en\/aktuelles\/","title":{"rendered":"Aktuelles"},"content":{"rendered":"<section class=\"wpb-content-wrapper\"><p>[vc_row][vc_column][vc_column_text css_animation=&#8221;none&#8221;]In unserer Sektion <strong>Aktuelles<\/strong> finden Sie kurze Beschreibungen \u00fcber tagesaktuelle rechtliche Themen:<\/p>\n<p><strong>Mieten-Wertsicherungsgesetz (MieWeG):<br \/>\n<\/strong>Das MieWeG ist seit 1. J\u00e4nner 2026 in Kraft und gilt f\u00fcr alle dem MRG unterliegenden Wohnungsmietvertr\u00e4ge. Mietzinserh\u00f6hungen sind nur noch einmal j\u00e4hrlich zum 1. April zul\u00e4ssig und Erh\u00f6hungen durch Einzug eines Deckels begrenzt, welcher sich an der Inflation des Vorjahres orientiert. F\u00fcr 2026 gilt eine Erh\u00f6hungsgrenze von 1 %, f\u00fcr 2027 von 2 %. Das volle System greift ab April 2028. Die Mindestlaufzeit bei Mietvertragsabschluss und -verl\u00e4ngerung steigt von drei auf f\u00fcnf Jahre, wenn der Vermieter ein Unternehmer ist. \u00dcberh\u00f6hte Mietzahlungen k\u00f6nnen r\u00fcckwirkend f\u00fcr maximal f\u00fcnf Jahre zur\u00fcckgefordert werden.<\/p>\n<p><strong>Causa 123 Transporter:<br \/>\n<\/strong>Aufgrund der medialen Berichterstattung (<a href=\"https:\/\/www.derstandard.at\/story\/3000000283507\/transportverleih-123-wegen-mutmasslicher-abzocke-schwer-in-der-kritik\">Der Standard<\/a>, <a href=\"https:\/\/noe.orf.at\/stories\/3318427\/\">ORF NOE<\/a>) erreichen uns vermehrt Anfragen von betroffenen Personen, welchen vom Unternehmen 123 Transporter diverse Vertragsstrafen abgebucht oder Kautionen nicht r\u00fcckerstattet wurden. Betroffene Personen, welche die Zahlung der Vertragsstrafen nicht veranlassen, erhalten Post von einem Inkassob\u00fcro. Die Bestimmungen in den Allgemeinen Mietbedingungen, die das Unternehmen hierf\u00fcr heranzieht, sind unserer Ansicht nach gem\u00e4\u00df \u00a7 6 KSchG und \u00a7 879 ABGB nichtig.<\/p>\n<p>Sollten Sie betroffen sein, unterst\u00fctzen wir Sie bei der Durchsetzung Ihrer Anspr\u00fcche bzw Abwehr unberechtigter Forderungen. Bitte wenden Sie sich direkt per E-Mail an <a href=\"mailto:office@attorneys.at\">office@attorneys.at<\/a> und skizzieren Sie uns kurz den ma\u00dfgeblichen Sachverhalt samt Unterlagen (Mietvertrag, Rechnungen, etc). Sollten Sie \u00fcber eine Rechtsschutzversicherungspolizze verf\u00fcgen, teilen Sie uns bitte Ihre Polizzennummer mit. Wir k\u00fcmmern uns um die weitere Kontaktaufnahme mit Ihrer Versicherung.<\/p>\n<p><strong>R\u00fcckforderung Kreditbearbeitungsgeb\u00fchren:<br \/>\n<\/strong>Der Oberste Gerichtshof (OGH) hat mit Entscheidung 7 Ob 169\/24i vom 19. Februar 2025 klargestellt, dass pauschale Kreditbearbeitungsgeb\u00fchren, wie sie von vielen Banken verlangt wurden, unzul\u00e4ssig sein k\u00f6nnen. Solche Geb\u00fchren benachteiligen Konsument:innen gr\u00f6blich (\u00a7\u202f879 Abs\u202f3 ABGB), wenn sie ohne konkrete Gegenleistung verrechnet wurden. Betroffene Kreditnehmer:innen k\u00f6nnen daher bereits gezahlte Bearbeitungsgeb\u00fchren samt Zinsen r\u00fcckfordern \u2013 auch r\u00fcckwirkend \u00fcber mehrere Jahre. Voraussetzung ist, dass die Geb\u00fchr nicht individuell vereinbart, sondern pauschal und standardisiert erhoben wurde. Wenn auch Sie betroffen sind oder vermuten, zu Unrecht Kreditbearbeitungsgeb\u00fchren gezahlt zu haben, kontaktieren Sie uns unter <a href=\"mailto:office@attorneys.at\">office@attorneys.at<\/a> gerne f\u00fcr eine unverbindliche Ersteinsch\u00e4tzung.<\/p>\n<p><strong>Erstauftraggeberprinzip (\u201eBestellerprinzip\u201c) und Maklerprovision:<br \/>\n<\/strong>Das Erstauftraggeberprinzip tritt per 1. Juli 2023 in Kraft. Demnach haben Vermieter*innen die Maklerprovision bei der Vermittlung von Wohnungsmietvertr\u00e4gen zu bezahlen, wenn bereits ein Vermittlungsvertrag mit Makler*innen besteht. Mieter*innen sind nur dann zahlungspflichtig, wenn sie Erstauftraggeber*innen der Makler*innen sind. Letzteres wird allerdings unterbunden, wenn Vermieter*innen unmittelbar oder mittelbar an Unternehmen der Makler*innen beteiligt sind. Die gewerbliche Vermietung und der Kauf von Gewerbe- und Privatimmobilien sind vom Erstauftraggeberprinzip ausgenommen, weshalb hierf\u00fcr die bisherigen Regelungen (\u201eDoppelmakler\u201c) gelten.<\/p>\n<p><strong>Kronzeugenregelung:<br \/>\n<\/strong>Geregelt in \u00a7 209a und 209b StPO. Eine Person, die eine Straftat begangen hat und vor Durchf\u00fchrung von Ermittlungen freiwillig einen wesentlichen Beitrag zur Aufkl\u00e4rung der Straftat leistet, kann versuchen, den Kronzeugenstatus f\u00fcr sich zu beanspruchen. Die Staatsanwaltschaft trifft die Entscheidung \u00fcber die Zuerkennung und kann ein Ermittlungsverfahren gegen diese Person unter Vorbehalt sp\u00e4terer Verfolgung einstellen. Die Kronzeugenregelung findet sich im Straf- und Kartellrecht.[\/vc_column_text][\/vc_column][\/vc_row]<\/p>\n<\/section>","protected":false},"excerpt":{"rendered":"<p>[vc_row][vc_column][vc_column_text css_animation=&#8221;none&#8221;]In unserer Sektion Aktuelles finden Sie kurze Beschreibungen \u00fcber tagesaktuelle rechtliche Themen: Mieten-Wertsicherungsgesetz (MieWeG): Das MieWeG ist seit 1. J\u00e4nner 2026 in Kraft und gilt f\u00fcr alle dem MRG unterliegenden Wohnungsmietvertr\u00e4ge. Mietzinserh\u00f6hungen sind nur noch einmal j\u00e4hrlich zum 1. April zul\u00e4ssig und Erh\u00f6hungen durch Einzug eines Deckels begrenzt, welcher sich an der Inflation des [&hellip;]<\/p>\n","protected":false},"author":456563,"featured_media":0,"parent":0,"menu_order":0,"comment_status":"closed","ping_status":"closed","template":"tmpl-box.php","meta":{"inline_featured_image":false,"footnotes":""},"class_list":["post-787","page","type-page","status-publish","hentry"],"acf":[],"yoast_head":"<!-- This site is optimized with the Yoast SEO plugin v24.7 - https:\/\/yoast.com\/wordpress\/plugins\/seo\/ -->\n<title>Aktuelles - attorneys<\/title>\n<meta name=\"robots\" content=\"index, follow, max-snippet:-1, max-image-preview:large, max-video-preview:-1\" \/>\n<link rel=\"canonical\" href=\"https:\/\/attorneys.at\/en\/aktuelles\/\" \/>\n<meta property=\"og:locale\" content=\"en_US\" \/>\n<meta property=\"og:type\" content=\"article\" \/>\n<meta property=\"og:title\" content=\"Aktuelles - attorneys\" \/>\n<meta property=\"og:description\" content=\"[vc_row][vc_column][vc_column_text css_animation=&#8221;none&#8221;]In unserer Sektion Aktuelles finden Sie kurze Beschreibungen \u00fcber tagesaktuelle rechtliche Themen: Mieten-Wertsicherungsgesetz (MieWeG): Das MieWeG ist seit 1. J\u00e4nner 2026 in Kraft und gilt f\u00fcr alle dem MRG unterliegenden Wohnungsmietvertr\u00e4ge. Mietzinserh\u00f6hungen sind nur noch einmal j\u00e4hrlich zum 1. April zul\u00e4ssig und Erh\u00f6hungen durch Einzug eines Deckels begrenzt, welcher sich an der Inflation des [&hellip;]\" \/>\n<meta property=\"og:url\" content=\"https:\/\/attorneys.at\/en\/aktuelles\/\" \/>\n<meta property=\"og:site_name\" content=\"attorneys\" \/>\n<meta property=\"article:modified_time\" content=\"2026-02-10T17:00:49+00:00\" \/>\n<meta name=\"twitter:card\" content=\"summary_large_image\" \/>\n<meta name=\"twitter:label1\" content=\"Est. reading time\" \/>\n\t<meta name=\"twitter:data1\" content=\"3 minutes\" \/>\n<script type=\"application\/ld+json\" class=\"yoast-schema-graph\">{\"@context\":\"https:\/\/schema.org\",\"@graph\":[{\"@type\":\"WebPage\",\"@id\":\"https:\/\/attorneys.at\/en\/aktuelles\/\",\"url\":\"https:\/\/attorneys.at\/en\/aktuelles\/\",\"name\":\"Aktuelles - attorneys\",\"isPartOf\":{\"@id\":\"https:\/\/attorneys.at\/#website\"},\"datePublished\":\"2022-11-09T18:08:21+00:00\",\"dateModified\":\"2026-02-10T17:00:49+00:00\",\"breadcrumb\":{\"@id\":\"https:\/\/attorneys.at\/en\/aktuelles\/#breadcrumb\"},\"inLanguage\":\"en-US\",\"potentialAction\":[{\"@type\":\"ReadAction\",\"target\":[\"https:\/\/attorneys.at\/en\/aktuelles\/\"]}]},{\"@type\":\"BreadcrumbList\",\"@id\":\"https:\/\/attorneys.at\/en\/aktuelles\/#breadcrumb\",\"itemListElement\":[{\"@type\":\"ListItem\",\"position\":1,\"name\":\"Startseite\",\"item\":\"https:\/\/attorneys.at\/en\/\"},{\"@type\":\"ListItem\",\"position\":2,\"name\":\"Aktuelles\"}]},{\"@type\":\"WebSite\",\"@id\":\"https:\/\/attorneys.at\/#website\",\"url\":\"https:\/\/attorneys.at\/\",\"name\":\"attorneys\",\"description\":\"Rechtsanwalt - Attorneys at Law\",\"potentialAction\":[{\"@type\":\"SearchAction\",\"target\":{\"@type\":\"EntryPoint\",\"urlTemplate\":\"https:\/\/attorneys.at\/?s={search_term_string}\"},\"query-input\":{\"@type\":\"PropertyValueSpecification\",\"valueRequired\":true,\"valueName\":\"search_term_string\"}}],\"inLanguage\":\"en-US\"}]}<\/script>\n<!-- \/ Yoast SEO plugin. -->","yoast_head_json":{"title":"Aktuelles - attorneys","robots":{"index":"index","follow":"follow","max-snippet":"max-snippet:-1","max-image-preview":"max-image-preview:large","max-video-preview":"max-video-preview:-1"},"canonical":"https:\/\/attorneys.at\/en\/aktuelles\/","og_locale":"en_US","og_type":"article","og_title":"Aktuelles - attorneys","og_description":"[vc_row][vc_column][vc_column_text css_animation=&#8221;none&#8221;]In unserer Sektion Aktuelles finden Sie kurze Beschreibungen \u00fcber tagesaktuelle rechtliche Themen: Mieten-Wertsicherungsgesetz (MieWeG): Das MieWeG ist seit 1. J\u00e4nner 2026 in Kraft und gilt f\u00fcr alle dem MRG unterliegenden Wohnungsmietvertr\u00e4ge. Mietzinserh\u00f6hungen sind nur noch einmal j\u00e4hrlich zum 1. April zul\u00e4ssig und Erh\u00f6hungen durch Einzug eines Deckels begrenzt, welcher sich an der Inflation des [&hellip;]","og_url":"https:\/\/attorneys.at\/en\/aktuelles\/","og_site_name":"attorneys","article_modified_time":"2026-02-10T17:00:49+00:00","twitter_card":"summary_large_image","twitter_misc":{"Est. reading time":"3 minutes"},"schema":{"@context":"https:\/\/schema.org","@graph":[{"@type":"WebPage","@id":"https:\/\/attorneys.at\/en\/aktuelles\/","url":"https:\/\/attorneys.at\/en\/aktuelles\/","name":"Aktuelles - attorneys","isPartOf":{"@id":"https:\/\/attorneys.at\/#website"},"datePublished":"2022-11-09T18:08:21+00:00","dateModified":"2026-02-10T17:00:49+00:00","breadcrumb":{"@id":"https:\/\/attorneys.at\/en\/aktuelles\/#breadcrumb"},"inLanguage":"en-US","potentialAction":[{"@type":"ReadAction","target":["https:\/\/attorneys.at\/en\/aktuelles\/"]}]},{"@type":"BreadcrumbList","@id":"https:\/\/attorneys.at\/en\/aktuelles\/#breadcrumb","itemListElement":[{"@type":"ListItem","position":1,"name":"Startseite","item":"https:\/\/attorneys.at\/en\/"},{"@type":"ListItem","position":2,"name":"Aktuelles"}]},{"@type":"WebSite","@id":"https:\/\/attorneys.at\/#website","url":"https:\/\/attorneys.at\/","name":"attorneys","description":"Rechtsanwalt - Attorneys at Law","potentialAction":[{"@type":"SearchAction","target":{"@type":"EntryPoint","urlTemplate":"https:\/\/attorneys.at\/?s={search_term_string}"},"query-input":{"@type":"PropertyValueSpecification","valueRequired":true,"valueName":"search_term_string"}}],"inLanguage":"en-US"}]}},"jetpack_sharing_enabled":true,"_links":{"self":[{"href":"https:\/\/attorneys.at\/en\/wp-json\/wp\/v2\/pages\/787","targetHints":{"allow":["GET"]}}],"collection":[{"href":"https:\/\/attorneys.at\/en\/wp-json\/wp\/v2\/pages"}],"about":[{"href":"https:\/\/attorneys.at\/en\/wp-json\/wp\/v2\/types\/page"}],"author":[{"embeddable":true,"href":"https:\/\/attorneys.at\/en\/wp-json\/wp\/v2\/users\/456563"}],"replies":[{"embeddable":true,"href":"https:\/\/attorneys.at\/en\/wp-json\/wp\/v2\/comments?post=787"}],"version-history":[{"count":5,"href":"https:\/\/attorneys.at\/en\/wp-json\/wp\/v2\/pages\/787\/revisions"}],"predecessor-version":[{"id":1008,"href":"https:\/\/attorneys.at\/en\/wp-json\/wp\/v2\/pages\/787\/revisions\/1008"}],"wp:attachment":[{"href":"https:\/\/attorneys.at\/en\/wp-json\/wp\/v2\/media?parent=787"}],"curies":[{"name":"wp","href":"https:\/\/api.w.org\/{rel}","templated":true}]}}