{"id":455,"date":"2022-09-27T20:20:46","date_gmt":"2022-09-27T18:20:46","guid":{"rendered":"http:\/\/trigger.agency\/clients\/attorneys\/impressum\/"},"modified":"2023-07-24T14:51:49","modified_gmt":"2023-07-24T12:51:49","slug":"impressum","status":"publish","type":"page","link":"https:\/\/attorneys.at\/en\/impressum\/","title":{"rendered":"Impressum"},"content":{"rendered":"<section class=\"wpb-content-wrapper\"><p>[vc_row el_id=&#8221;impressum&#8221; css=&#8221;.vc_custom_1664303229523{margin-top: 100px !important;}&#8221;][vc_column width=&#8221;1\/6&#8243;][\/vc_column][vc_column width=&#8221;2\/3&#8243;][vc_column_text css_animation=&#8221;fadeInUp&#8221;]<span class=\"title\">Impressum<\/span>[\/vc_column_text]<div id=\"impressum_module\" class=\"attorneys_accordion\" data-open-tab-id=\"\"><div class=\"attorneys_accordion_tab\" data-accordion-tab-id=\"3\" data-aos=\"fade-up-left\"><h3>Information<\/h3><div class=\"content_block\">Ortenburger Locher Huber Rechtsanw\u00e4lte GmbH<br \/>\nSchwarzenbergstra\u00dfe 1 u. 3\/8<br \/>\nA-1010 Wien<\/p>\n<p>+43 1 51548<br \/>\n<a href=\"mailto:office@attorneys.at\">office@attorneys.at<\/a><br \/>\nwww.attorneys.at<\/p>\n<p>Information gem. \u00a7 5 ECG:<\/p>\n<p>Firmenbuchgericht: Handelsgericht Wien<br \/>\nFirmenbuchnummer: 53805 a<br \/>\nUID-Nummer: ATU27170806<\/p>\n<p>Ortenburger Locher Huber Rechtsanw\u00e4lte GmbH ist eine Rechtsanwaltsgesellschaft nach \u00f6sterreichischem Recht. Ihre Anw\u00e4lt*innen unterliegen der Aufsicht der Rechtsanwaltskammer Wien sowie den einschl\u00e4gigen berufsrechtlichen Vorschriften (RAO, RL-BA), abrufbar unter <a href=\"http:\/\/www.oerak.at\">www.oerak.at<\/a>.<\/div><\/div><div class=\"attorneys_accordion_tab\" data-accordion-tab-id=\"2\" data-aos=\"fade-up-left\"><h3>Disclaimer<\/h3><div class=\"content_block\">Die Daten auf dieser Website werden ausschlie\u00dflich f\u00fcr Zwecke allgemeiner und unverbindlicher Information zur Verf\u00fcgung gestellt. Sie stellen keine anwaltliche Beratung dar. Wir \u00fcbernehmen keine Haftung f\u00fcr allf\u00e4llige mittelbare und\/oder unmittelbare Nachteile, die durch die Ben\u00fctzung der auf dieser Website zur Verf\u00fcgung gestellten Informationen entstehen k\u00f6nnten. Obwohl die Inhalte dieser Webseite unter gr\u00f6\u00dftm\u00f6glicher Sorgfalt konzipiert und erstellt worden sind, \u00fcbernehmen wir keine Haftung hinsichtlich deren Richtigkeit, Vollst\u00e4ndigkeit und\/oder Aktualit\u00e4t. Sofern Links auf externe Websites enthalten sind, haben wir keinen Einfluss auf deren Inhalt und \u00fcbernehmen f\u00fcr deren Verwendbarkeit keine Verantwortung. Diese Links dienen ausschlie\u00dflich zu Informationszwecken.<\/div><\/div><div class=\"attorneys_accordion_tab\" data-accordion-tab-id=\"4\" data-aos=\"fade-up-left\"><h3>Copyright<\/h3><div class=\"content_block\">Wir behalten uns alle Rechte vor. S\u00e4mtliche dargestellten Texte, Logos und Bilder stehen im Eigentum der Ortenburger Locher Huber Rechtsanw\u00e4lte GmbH. Sie genie\u00dfen urheberrechtlichen Schutz. Die Verwendung der bereitgestellten Daten ist zum pers\u00f6nlichen, privaten und nicht kommerziellen Gebrauch gestattet.<\/p>\n<p>Jede dar\u00fcber hinausgehende Nutzung, Vervielf\u00e4ltigung, Verarbeitung, Speicherung, etc. bedarf unserer vorherigen, ausdr\u00fccklichen und schriftlichen Zustimmung.<\/div><\/div><\/div>[\/vc_column][vc_column width=&#8221;1\/6&#8243;][\/vc_column][\/vc_row]<\/p>\n<\/section>","protected":false},"excerpt":{"rendered":"<p>[vc_row el_id=&#8221;impressum&#8221; css=&#8221;.vc_custom_1664303229523{margin-top: 100px !important;}&#8221;][vc_column width=&#8221;1\/6&#8243;][\/vc_column][vc_column width=&#8221;2\/3&#8243;][vc_column_text css_animation=&#8221;fadeInUp&#8221;]Impressum[\/vc_column_text][\/vc_column][vc_column width=&#8221;1\/6&#8243;][\/vc_column][\/vc_row]<\/p>\n","protected":false},"author":456563,"featured_media":0,"parent":0,"menu_order":0,"comment_status":"closed","ping_status":"closed","template":"","meta":{"inline_featured_image":false,"footnotes":""},"class_list":["post-455","page","type-page","status-publish","hentry"],"acf":[],"yoast_head":"<!-- This site is optimized with the Yoast SEO plugin v24.7 - https:\/\/yoast.com\/wordpress\/plugins\/seo\/ -->\n<title>Impressum - attorneys<\/title>\n<meta name=\"robots\" content=\"index, follow, max-snippet:-1, max-image-preview:large, max-video-preview:-1\" \/>\n<link rel=\"canonical\" href=\"https:\/\/attorneys.at\/en\/impressum\/\" \/>\n<meta property=\"og:locale\" content=\"en_US\" \/>\n<meta property=\"og:type\" content=\"article\" \/>\n<meta property=\"og:title\" content=\"Impressum - attorneys\" \/>\n<meta property=\"og:description\" content=\"[vc_row el_id=&#8221;impressum&#8221; css=&#8221;.vc_custom_1664303229523{margin-top: 100px !important;}&#8221;][vc_column width=&#8221;1\/6&#8243;][\/vc_column][vc_column width=&#8221;2\/3&#8243;][vc_column_text css_animation=&#8221;fadeInUp&#8221;]Impressum[\/vc_column_text][\/vc_column][vc_column width=&#8221;1\/6&#8243;][\/vc_column][\/vc_row]\" \/>\n<meta property=\"og:url\" content=\"https:\/\/attorneys.at\/en\/impressum\/\" \/>\n<meta property=\"og:site_name\" content=\"attorneys\" \/>\n<meta property=\"article:modified_time\" content=\"2023-07-24T12:51:49+00:00\" \/>\n<meta name=\"twitter:card\" content=\"summary_large_image\" \/>\n<meta name=\"twitter:label1\" content=\"Est. reading time\" \/>\n\t<meta name=\"twitter:data1\" content=\"2 minutes\" \/>\n<script type=\"application\/ld+json\" class=\"yoast-schema-graph\">{\"@context\":\"https:\/\/schema.org\",\"@graph\":[{\"@type\":\"WebPage\",\"@id\":\"https:\/\/attorneys.at\/en\/impressum\/\",\"url\":\"https:\/\/attorneys.at\/en\/impressum\/\",\"name\":\"Impressum - attorneys\",\"isPartOf\":{\"@id\":\"https:\/\/attorneys.at\/#website\"},\"datePublished\":\"2022-09-27T18:20:46+00:00\",\"dateModified\":\"2023-07-24T12:51:49+00:00\",\"breadcrumb\":{\"@id\":\"https:\/\/attorneys.at\/en\/impressum\/#breadcrumb\"},\"inLanguage\":\"en-US\",\"potentialAction\":[{\"@type\":\"ReadAction\",\"target\":[\"https:\/\/attorneys.at\/en\/impressum\/\"]}]},{\"@type\":\"BreadcrumbList\",\"@id\":\"https:\/\/attorneys.at\/en\/impressum\/#breadcrumb\",\"itemListElement\":[{\"@type\":\"ListItem\",\"position\":1,\"name\":\"Startseite\",\"item\":\"https:\/\/attorneys.at\/en\/\"},{\"@type\":\"ListItem\",\"position\":2,\"name\":\"Impressum\"}]},{\"@type\":\"WebSite\",\"@id\":\"https:\/\/attorneys.at\/#website\",\"url\":\"https:\/\/attorneys.at\/\",\"name\":\"attorneys\",\"description\":\"Rechtsanwalt - Attorneys at Law\",\"potentialAction\":[{\"@type\":\"SearchAction\",\"target\":{\"@type\":\"EntryPoint\",\"urlTemplate\":\"https:\/\/attorneys.at\/?s={search_term_string}\"},\"query-input\":{\"@type\":\"PropertyValueSpecification\",\"valueRequired\":true,\"valueName\":\"search_term_string\"}}],\"inLanguage\":\"en-US\"}]}<\/script>\n<!-- \/ Yoast SEO plugin. -->","yoast_head_json":{"title":"Impressum - attorneys","robots":{"index":"index","follow":"follow","max-snippet":"max-snippet:-1","max-image-preview":"max-image-preview:large","max-video-preview":"max-video-preview:-1"},"canonical":"https:\/\/attorneys.at\/en\/impressum\/","og_locale":"en_US","og_type":"article","og_title":"Impressum - attorneys","og_description":"[vc_row el_id=&#8221;impressum&#8221; css=&#8221;.vc_custom_1664303229523{margin-top: 100px !important;}&#8221;][vc_column width=&#8221;1\/6&#8243;][\/vc_column][vc_column width=&#8221;2\/3&#8243;][vc_column_text css_animation=&#8221;fadeInUp&#8221;]Impressum[\/vc_column_text][\/vc_column][vc_column width=&#8221;1\/6&#8243;][\/vc_column][\/vc_row]","og_url":"https:\/\/attorneys.at\/en\/impressum\/","og_site_name":"attorneys","article_modified_time":"2023-07-24T12:51:49+00:00","twitter_card":"summary_large_image","twitter_misc":{"Est. reading time":"2 minutes"},"schema":{"@context":"https:\/\/schema.org","@graph":[{"@type":"WebPage","@id":"https:\/\/attorneys.at\/en\/impressum\/","url":"https:\/\/attorneys.at\/en\/impressum\/","name":"Impressum - attorneys","isPartOf":{"@id":"https:\/\/attorneys.at\/#website"},"datePublished":"2022-09-27T18:20:46+00:00","dateModified":"2023-07-24T12:51:49+00:00","breadcrumb":{"@id":"https:\/\/attorneys.at\/en\/impressum\/#breadcrumb"},"inLanguage":"en-US","potentialAction":[{"@type":"ReadAction","target":["https:\/\/attorneys.at\/en\/impressum\/"]}]},{"@type":"BreadcrumbList","@id":"https:\/\/attorneys.at\/en\/impressum\/#breadcrumb","itemListElement":[{"@type":"ListItem","position":1,"name":"Startseite","item":"https:\/\/attorneys.at\/en\/"},{"@type":"ListItem","position":2,"name":"Impressum"}]},{"@type":"WebSite","@id":"https:\/\/attorneys.at\/#website","url":"https:\/\/attorneys.at\/","name":"attorneys","description":"Rechtsanwalt - Attorneys at Law","potentialAction":[{"@type":"SearchAction","target":{"@type":"EntryPoint","urlTemplate":"https:\/\/attorneys.at\/?s={search_term_string}"},"query-input":{"@type":"PropertyValueSpecification","valueRequired":true,"valueName":"search_term_string"}}],"inLanguage":"en-US"}]}},"jetpack_sharing_enabled":true,"_links":{"self":[{"href":"https:\/\/attorneys.at\/en\/wp-json\/wp\/v2\/pages\/455","targetHints":{"allow":["GET"]}}],"collection":[{"href":"https:\/\/attorneys.at\/en\/wp-json\/wp\/v2\/pages"}],"about":[{"href":"https:\/\/attorneys.at\/en\/wp-json\/wp\/v2\/types\/page"}],"author":[{"embeddable":true,"href":"https:\/\/attorneys.at\/en\/wp-json\/wp\/v2\/users\/456563"}],"replies":[{"embeddable":true,"href":"https:\/\/attorneys.at\/en\/wp-json\/wp\/v2\/comments?post=455"}],"version-history":[{"count":5,"href":"https:\/\/attorneys.at\/en\/wp-json\/wp\/v2\/pages\/455\/revisions"}],"predecessor-version":[{"id":912,"href":"https:\/\/attorneys.at\/en\/wp-json\/wp\/v2\/pages\/455\/revisions\/912"}],"wp:attachment":[{"href":"https:\/\/attorneys.at\/en\/wp-json\/wp\/v2\/media?parent=455"}],"curies":[{"name":"wp","href":"https:\/\/api.w.org\/{rel}","templated":true}]}}